{"id":522,"date":"2021-11-23T11:16:25","date_gmt":"2021-11-23T04:16:25","guid":{"rendered":"https:\/\/giadungminhanh.vn\/?post_type=product&#038;p=522"},"modified":"2023-11-02T19:32:23","modified_gmt":"2023-11-02T12:32:23","slug":"robot-hut-bui-tesvor-s6-turbo","status":"publish","type":"product","link":"https:\/\/smart-t.vn\/?product=robot-hut-bui-tesvor-s6-turbo","title":{"rendered":"M\u00e1y L\u1ecdc Kh\u00f4ng Kh\u00ed APS600"},"content":{"rendered":"<p><strong>Th\u00f4ng S\u1ed1 K\u1ef9 Thu\u1eadt<\/strong><\/p>\n<ul>\n<li>Model: APS600<\/li>\n<li>M\u00e0u: X\u00e1m \u0111\u1eadm<\/li>\n<li>Ngu\u1ed3n v\u00e0o: 5V<\/li>\n<li>C\u00f4ng su\u1ea5t ti\u00eau th\u1ee5: 4W<\/li>\n<li>K\u00edch th\u01b0\u1edbc: 70x70x186mm<\/li>\n<li>Tr\u1ecdng l\u01b0\u1ee3ng: 240g (bao g\u1ed3m ph\u1ee5 ki\u1ec7n)<\/li>\n<li>\u0110\u1ed9 c\u1ed3n: Ch\u1ebf \u0111\u1ed9 y\u00ean l\u1eb7ng 30dB, ch\u1ebf \u0111\u1ed9 t\u0103ng t\u1ed1c 40dB<\/li>\n<li>C\u1ea5p ion: 5&#215;10 PCS\/cm3<\/li>\n<li>\u00a0\u0110\u00f3ng g\u00f3i: S\u1ea3n ph\u1ea9m, c\u00e1p ngu\u1ed3n USB, h\u01b0\u1edbng d\u1eabn s\u1eed d\u1ee5ng 240g (bao g\u1ed3m ph\u1ee5 ki\u1ec7n)<\/li>\n<\/ul>\n<p><strong>T\u00ednh N\u0103ng<\/strong><\/p>\n<ul>\n<li>T\u1ed5ng c\u1ed9ng c\u00f3 312 l\u1ed7 kh\u00ed c\u00f3 th\u1ec3 h\u00fat kh\u00f4ng kh\u00ed t\u1eeb m\u1ecdi h\u01b0\u1edbng.<\/li>\n<li>H\u1ec7 th\u1ed1ng l\u1ecdc HEPA H13 v\u1edbi 3 giai \u0111o\u1ea1n l\u1ecdc m\u1ea1nh m\u1ebd<\/li>\n<li>Ch\u1ee9c n\u0103ng kh\u1eed tr\u00f9ng b\u1eb1ng anion<\/li>\n<li>Hi\u1ec7u \u1ee9ng l\u00e0m s\u1ea1ch kh\u00f4ng kh\u00ed nhanh v\u1edbi b\u1ed9 \u0111i\u1ec1u khi\u1ec3n 2 m\u1ee9c \u0111\u1ed9.<\/li>\n<li>Qu\u1ea1t c\u00e1nh t\u0103ng \u00e1p cho t\u1ed1c \u0111\u1ed9 l\u1ecdc nhanh<\/li>\n<li>L\u00f5i l\u1ecdc c\u00f3 th\u1ec3 thay th\u1ebf \u0111\u01b0\u1ee3c<\/li>\n<li>Ch\u1ec9 c\u1ea7n m\u1ed9t l\u1ea7n ch\u1ea1m \u0111\u1ec3 B\u1eadt\/ T\u1eaft c\u00f4ng t\u0103c nhanh ch\u00f3ng, d\u1ec5 d\u00e0ng. \u0110\u00e8n LED xanh hi\u1ec3n th\u1ecb tr\u1ea1ng th\u00e1i<\/li>\n<\/ul>\n<p><strong>\u1ee8ng d\u1ee5ng\u00a0<\/strong><\/p>\n<ul>\n<li>\u0110\u1ec3 tr\u00ean \u00d4 t\u00f4, B\u00e0n h\u1ecdc tr\u1ebb em, B\u00e0n l\u00e0m vi\u1ec7c&#8230;<\/li>\n<\/ul>\n<p>&nbsp;<\/p>\n","protected":false},"excerpt":{"rendered":"<p>&#8211; Model: APS600<br \/>\n&#8211; M\u00e0u: X\u00e1m \u0111\u1eadm<br \/>\n&#8211; Ngu\u1ed3n v\u00e0o: 5V<br \/>\n&#8211; C\u00f4ng su\u1ea5t ti\u00eau th\u1ee5: 4W<br \/>\n&#8211; K\u00edch th\u01b0\u1edbc: 70x70x186mm<br \/>\n&#8211; Tr\u1ecdng l\u01b0\u1ee3ng: 240g (bao g\u1ed3m ph\u1ee5 ki\u1ec7n)<br \/>\n&#8211; \u0110\u1ed9 c\u1ed3n: Ch\u1ebf \u0111\u1ed9 y\u00ean l\u1eb7ng 30dB, ch\u1ebf \u0111\u1ed9 t\u0103ng t\u1ed1c 40dB<br \/>\n&#8211; C\u1ea5p ion: 5&#215;10 PCS\/cm3<br \/>\n&#8211; \u0110\u00f3ng g\u00f3i: S\u1ea3n ph\u1ea9m, c\u00e1p ngu\u1ed3n USB, h\u01b0\u1edbng d\u1eabn s\u1eed d\u1ee5ng 240g (bao g\u1ed3m ph\u1ee5 ki\u1ec7n)<\/p>\n","protected":false},"featured_media":587,"comment_status":"open","ping_status":"closed","template":"","meta":[],"yoast_head":"<!-- This site is optimized with the Yoast SEO plugin v14.0.4 - https:\/\/yoast.com\/wordpress\/plugins\/seo\/ -->\n<title>M\u00e1y L\u1ecdc Kh\u00f4ng Kh\u00ed APS600<\/title>\n<meta name=\"robots\" content=\"index, follow\" \/>\n<meta name=\"googlebot\" content=\"index, follow, max-snippet:-1, max-image-preview:large, max-video-preview:-1\" \/>\n<meta name=\"bingbot\" content=\"index, follow, max-snippet:-1, max-image-preview:large, max-video-preview:-1\" \/>\n<meta property=\"og:locale\" content=\"vi_VN\" \/>\n<meta property=\"og:type\" content=\"article\" \/>\n<meta property=\"og:title\" content=\"M\u00e1y L\u1ecdc Kh\u00f4ng Kh\u00ed APS600\" \/>\n<meta property=\"og:description\" content=\"- Model: APS600 - M\u00e0u: X\u00e1m \u0111\u1eadm - Ngu\u1ed3n v\u00e0o: 5V - C\u00f4ng su\u1ea5t ti\u00eau th\u1ee5: 4W - K\u00edch th\u01b0\u1edbc: 70x70x186mm - Tr\u1ecdng l\u01b0\u1ee3ng: 240g (bao g\u1ed3m ph\u1ee5 ki\u1ec7n) - \u0110\u1ed9 c\u1ed3n: Ch\u1ebf \u0111\u1ed9 y\u00ean l\u1eb7ng 30dB, ch\u1ebf \u0111\u1ed9 t\u0103ng t\u1ed1c 40dB - C\u1ea5p ion: 5x10 PCS\/cm3 - \u0110\u00f3ng g\u00f3i: S\u1ea3n ph\u1ea9m, c\u00e1p ngu\u1ed3n USB, h\u01b0\u1edbng d\u1eabn s\u1eed d\u1ee5ng 240g (bao g\u1ed3m ph\u1ee5 ki\u1ec7n)\" \/>\n<meta property=\"og:url\" content=\"https:\/\/smart-t.vn\/?product=robot-hut-bui-tesvor-s6-turbo\" \/>\n<meta property=\"og:site_name\" content=\"congnghesmart\" \/>\n<meta property=\"article:modified_time\" content=\"2023-11-02T12:32:23+00:00\" \/>\n<meta property=\"og:image\" content=\"https:\/\/smart-t.vn\/wp-content\/uploads\/2021\/11\/APS600_01.jpg\" \/>\n\t<meta property=\"og:image:width\" content=\"860\" \/>\n\t<meta property=\"og:image:height\" content=\"535\" \/>\n<meta name=\"twitter:card\" content=\"summary\" \/>\n<script type=\"application\/ld+json\" class=\"yoast-schema-graph\">{\"@context\":\"https:\/\/schema.org\",\"@graph\":[{\"@type\":\"WebSite\",\"@id\":\"https:\/\/smart-t.vn\/#website\",\"url\":\"https:\/\/smart-t.vn\/\",\"name\":\"congnghesmart\",\"description\":\"\",\"potentialAction\":[{\"@type\":\"SearchAction\",\"target\":\"https:\/\/smart-t.vn\/?s={search_term_string}\",\"query-input\":\"required name=search_term_string\"}],\"inLanguage\":\"vi\"},{\"@type\":\"ImageObject\",\"@id\":\"https:\/\/smart-t.vn\/?product=robot-hut-bui-tesvor-s6-turbo#primaryimage\",\"inLanguage\":\"vi\",\"url\":\"https:\/\/smart-t.vn\/wp-content\/uploads\/2021\/11\/APS600_01.jpg\",\"width\":860,\"height\":535},{\"@type\":\"WebPage\",\"@id\":\"https:\/\/smart-t.vn\/?product=robot-hut-bui-tesvor-s6-turbo#webpage\",\"url\":\"https:\/\/smart-t.vn\/?product=robot-hut-bui-tesvor-s6-turbo\",\"name\":\"M\\u00e1y L\\u1ecdc Kh\\u00f4ng Kh\\u00ed APS600\",\"isPartOf\":{\"@id\":\"https:\/\/smart-t.vn\/#website\"},\"primaryImageOfPage\":{\"@id\":\"https:\/\/smart-t.vn\/?product=robot-hut-bui-tesvor-s6-turbo#primaryimage\"},\"datePublished\":\"2021-11-23T04:16:25+00:00\",\"dateModified\":\"2023-11-02T12:32:23+00:00\",\"breadcrumb\":{\"@id\":\"https:\/\/smart-t.vn\/?product=robot-hut-bui-tesvor-s6-turbo#breadcrumb\"},\"inLanguage\":\"vi\",\"potentialAction\":[{\"@type\":\"ReadAction\",\"target\":[\"https:\/\/smart-t.vn\/?product=robot-hut-bui-tesvor-s6-turbo\"]}]},{\"@type\":\"BreadcrumbList\",\"@id\":\"https:\/\/smart-t.vn\/?product=robot-hut-bui-tesvor-s6-turbo#breadcrumb\",\"itemListElement\":[{\"@type\":\"ListItem\",\"position\":1,\"item\":{\"@type\":\"WebPage\",\"@id\":\"https:\/\/giadungminhanh.vn\/\",\"url\":\"https:\/\/giadungminhanh.vn\/\",\"name\":\"Trang ch\\u1ee7\"}},{\"@type\":\"ListItem\",\"position\":2,\"item\":{\"@type\":\"WebPage\",\"@id\":\"http:\/\/mau1.maudep.com.vn\/giadungminhanh\/shop\/\",\"url\":\"http:\/\/mau1.maudep.com.vn\/giadungminhanh\/shop\/\",\"name\":\"S\\u1ea3n ph\\u1ea9m\"}},{\"@type\":\"ListItem\",\"position\":3,\"item\":{\"@type\":\"WebPage\",\"@id\":\"https:\/\/smart-t.vn\/?product=robot-hut-bui-tesvor-s6-turbo\",\"url\":\"https:\/\/smart-t.vn\/?product=robot-hut-bui-tesvor-s6-turbo\",\"name\":\"M\\u00e1y L\\u1ecdc Kh\\u00f4ng Kh\\u00ed APS600\"}}]}]}<\/script>\n<!-- \/ Yoast SEO plugin. -->","_links":{"self":[{"href":"https:\/\/smart-t.vn\/index.php?rest_route=\/wp\/v2\/product\/522"}],"collection":[{"href":"https:\/\/smart-t.vn\/index.php?rest_route=\/wp\/v2\/product"}],"about":[{"href":"https:\/\/smart-t.vn\/index.php?rest_route=\/wp\/v2\/types\/product"}],"replies":[{"embeddable":true,"href":"https:\/\/smart-t.vn\/index.php?rest_route=%2Fwp%2Fv2%2Fcomments&post=522"}],"wp:featuredmedia":[{"embeddable":true,"href":"https:\/\/smart-t.vn\/index.php?rest_route=\/wp\/v2\/media\/587"}],"wp:attachment":[{"href":"https:\/\/smart-t.vn\/index.php?rest_route=%2Fwp%2Fv2%2Fmedia&parent=522"}],"curies":[{"name":"wp","href":"https:\/\/api.w.org\/{rel}","templated":true}]}}