{"id":453,"date":"2021-11-11T17:47:22","date_gmt":"2021-11-11T10:47:22","guid":{"rendered":"https:\/\/giadungminhanh.vn\/?post_type=product&#038;p=453"},"modified":"2021-11-11T17:48:44","modified_gmt":"2021-11-11T10:48:44","slug":"lo-vi-song-sharp-r-205vns-20-lit","status":"publish","type":"product","link":"https:\/\/smart-t.vn\/?product=lo-vi-song-sharp-r-205vns-20-lit","title":{"rendered":"L\u00f2 vi s\u00f3ng Sharp R-205VN(S) 20 l\u00edt"},"content":{"rendered":"","protected":false},"excerpt":{"rendered":"","protected":false},"featured_media":455,"comment_status":"open","ping_status":"closed","template":"","meta":[],"yoast_head":"<!-- This site is optimized with the Yoast SEO plugin v14.0.4 - https:\/\/yoast.com\/wordpress\/plugins\/seo\/ -->\n<title>L\u00f2 vi s\u00f3ng Sharp R-205VN(S) 20 l\u00edt<\/title>\n<meta name=\"robots\" content=\"index, follow\" \/>\n<meta name=\"googlebot\" content=\"index, follow, max-snippet:-1, max-image-preview:large, max-video-preview:-1\" \/>\n<meta name=\"bingbot\" content=\"index, follow, max-snippet:-1, max-image-preview:large, max-video-preview:-1\" \/>\n<meta property=\"og:locale\" content=\"vi_VN\" \/>\n<meta property=\"og:type\" content=\"article\" \/>\n<meta property=\"og:title\" content=\"L\u00f2 vi s\u00f3ng Sharp R-205VN(S) 20 l\u00edt\" \/>\n<meta property=\"og:url\" content=\"http:\/\/mau1.maudep.com.vn\/giadungminhanh\/?product=lo-vi-song-sharp-r-205vns-20-lit\" \/>\n<meta property=\"og:site_name\" content=\"congnghesmart\" \/>\n<meta property=\"article:modified_time\" content=\"2021-11-11T10:48:44+00:00\" \/>\n<meta property=\"og:image\" content=\"https:\/\/giadungminhanh.vn\/wp-content\/uploads\/2021\/11\/205-1.jpg\" \/>\n\t<meta property=\"og:image:width\" content=\"577\" \/>\n\t<meta property=\"og:image:height\" content=\"416\" \/>\n<meta name=\"twitter:card\" content=\"summary\" \/>\n<script type=\"application\/ld+json\" class=\"yoast-schema-graph\">{\"@context\":\"https:\/\/schema.org\",\"@graph\":[{\"@type\":\"WebSite\",\"@id\":\"https:\/\/smart-t.vn\/#website\",\"url\":\"https:\/\/smart-t.vn\/\",\"name\":\"congnghesmart\",\"description\":\"\",\"potentialAction\":[{\"@type\":\"SearchAction\",\"target\":\"https:\/\/smart-t.vn\/?s={search_term_string}\",\"query-input\":\"required name=search_term_string\"}],\"inLanguage\":\"vi\"},{\"@type\":\"ImageObject\",\"@id\":\"http:\/\/mau1.maudep.com.vn\/giadungminhanh\/?product=lo-vi-song-sharp-r-205vns-20-lit#primaryimage\",\"inLanguage\":\"vi\",\"url\":\"https:\/\/smart-t.vn\/wp-content\/uploads\/2021\/11\/205-1.jpg\",\"width\":577,\"height\":416},{\"@type\":\"WebPage\",\"@id\":\"http:\/\/mau1.maudep.com.vn\/giadungminhanh\/?product=lo-vi-song-sharp-r-205vns-20-lit#webpage\",\"url\":\"http:\/\/mau1.maudep.com.vn\/giadungminhanh\/?product=lo-vi-song-sharp-r-205vns-20-lit\",\"name\":\"L\\u00f2 vi s\\u00f3ng Sharp R-205VN(S) 20 l\\u00edt\",\"isPartOf\":{\"@id\":\"https:\/\/smart-t.vn\/#website\"},\"primaryImageOfPage\":{\"@id\":\"http:\/\/mau1.maudep.com.vn\/giadungminhanh\/?product=lo-vi-song-sharp-r-205vns-20-lit#primaryimage\"},\"datePublished\":\"2021-11-11T10:47:22+00:00\",\"dateModified\":\"2021-11-11T10:48:44+00:00\",\"breadcrumb\":{\"@id\":\"http:\/\/mau1.maudep.com.vn\/giadungminhanh\/?product=lo-vi-song-sharp-r-205vns-20-lit#breadcrumb\"},\"inLanguage\":\"vi\",\"potentialAction\":[{\"@type\":\"ReadAction\",\"target\":[\"http:\/\/mau1.maudep.com.vn\/giadungminhanh\/?product=lo-vi-song-sharp-r-205vns-20-lit\"]}]},{\"@type\":\"BreadcrumbList\",\"@id\":\"http:\/\/mau1.maudep.com.vn\/giadungminhanh\/?product=lo-vi-song-sharp-r-205vns-20-lit#breadcrumb\",\"itemListElement\":[{\"@type\":\"ListItem\",\"position\":1,\"item\":{\"@type\":\"WebPage\",\"@id\":\"https:\/\/giadungminhanh.vn\/\",\"url\":\"https:\/\/giadungminhanh.vn\/\",\"name\":\"Trang ch\\u1ee7\"}},{\"@type\":\"ListItem\",\"position\":2,\"item\":{\"@type\":\"WebPage\",\"@id\":\"http:\/\/mau1.maudep.com.vn\/giadungminhanh\/shop\/\",\"url\":\"http:\/\/mau1.maudep.com.vn\/giadungminhanh\/shop\/\",\"name\":\"S\\u1ea3n ph\\u1ea9m\"}},{\"@type\":\"ListItem\",\"position\":3,\"item\":{\"@type\":\"WebPage\",\"@id\":\"http:\/\/mau1.maudep.com.vn\/giadungminhanh\/?product=lo-vi-song-sharp-r-205vns-20-lit\",\"url\":\"http:\/\/mau1.maudep.com.vn\/giadungminhanh\/?product=lo-vi-song-sharp-r-205vns-20-lit\",\"name\":\"L\\u00f2 vi s\\u00f3ng Sharp R-205VN(S) 20 l\\u00edt\"}}]}]}<\/script>\n<!-- \/ Yoast SEO plugin. -->","_links":{"self":[{"href":"https:\/\/smart-t.vn\/index.php?rest_route=\/wp\/v2\/product\/453"}],"collection":[{"href":"https:\/\/smart-t.vn\/index.php?rest_route=\/wp\/v2\/product"}],"about":[{"href":"https:\/\/smart-t.vn\/index.php?rest_route=\/wp\/v2\/types\/product"}],"replies":[{"embeddable":true,"href":"https:\/\/smart-t.vn\/index.php?rest_route=%2Fwp%2Fv2%2Fcomments&post=453"}],"wp:featuredmedia":[{"embeddable":true,"href":"https:\/\/smart-t.vn\/index.php?rest_route=\/wp\/v2\/media\/455"}],"wp:attachment":[{"href":"https:\/\/smart-t.vn\/index.php?rest_route=%2Fwp%2Fv2%2Fmedia&parent=453"}],"curies":[{"name":"wp","href":"https:\/\/api.w.org\/{rel}","templated":true}]}}